{"id":766,"date":"2021-08-23T00:25:22","date_gmt":"2021-08-22T22:25:22","guid":{"rendered":"https:\/\/spgizalki.pl\/?page_id=766"},"modified":"2026-03-05T12:46:32","modified_gmt":"2026-03-05T11:46:32","slug":"do-pobrania","status":"publish","type":"page","link":"https:\/\/spgizalki.pl\/?page_id=766","title":{"rendered":"Do pobrania"},"content":{"rendered":"<p><span style=\"font-size: 24pt;\"><strong>Dokumenty do pobrania:<\/strong><\/span><\/p>\n<table style=\"border-collapse: collapse; width: 99.8588%; height: 377px; border: none;\">\n<tbody>\n<tr style=\"height: 29px;\">\n<td style=\"width: 86%; height: 29px;\"><b>Wniosek o przyj\u0119cie dziecka do przedszkola wraz z za\u0142\u0105cznikami<\/b><\/td>\n<td style=\"width: 13.8609%; height: 29px;\"><a href=\"http:\/\/spgizalki.pl\/wp-content\/uploads\/2025\/02\/Wniosek-o-przyjecie-do-przedszkola-Oswiadczenie-tabela-zalaczniki-1.pdf\">POBIERZ<\/a><\/td>\n<\/tr>\n<tr style=\"height: 29px;\">\n<td style=\"width: 86%; height: 29px;\"><strong>Deklaracja kontynuowania wychowania przedszkolnego w oddziale przedszkolnym<\/strong><\/td>\n<td style=\"width: 13.8609%; height: 29px;\"><a href=\"http:\/\/spgizalki.pl\/wp-content\/uploads\/2025\/01\/deklaracja-pozostania-w-oddziale-przedszkolnym.pdf\">POBIERZ<\/a><\/td>\n<\/tr>\n<tr style=\"height: 29px;\">\n<td style=\"width: 86%; height: 29px;\"><strong>Zg\u0142oszenie o przyj\u0119cie dziecka do klasy pierwszej z obwodu&nbsp;<\/strong><\/td>\n<td style=\"width: 13.8609%; height: 29px;\"><a href=\"http:\/\/spgizalki.pl\/wp-content\/uploads\/2026\/02\/Zgloszenie-o-przyjecie-dziecka-do-kl.-I-z-obwodu-2026_2027.pdf\">POBIERZ<\/a><\/td>\n<\/tr>\n<tr style=\"height: 29px;\">\n<td style=\"width: 86%; height: 29px;\"><strong>Wniosek o przyj\u0119cie dziecka do klasy pierwszej spoza obwodu wraz z za\u0142\u0105cznikami<\/strong><\/td>\n<td style=\"width: 13.8609%; height: 29px;\"><a href=\"http:\/\/spgizalki.pl\/wp-content\/uploads\/2026\/02\/Wniosek-o-przyjecie-dziecka-do-kl.1-spoza-obwodu-wraz-z-zalacznikami-2026_2027.pdf\">POBIERZ<\/a><\/td>\n<\/tr>\n<tr style=\"height: 29px;\">\n<td style=\"width: 86%; height: 29px;\"><strong>Potwierdzenie woli przyj\u0119cia dziecka<\/strong><\/td>\n<td style=\"width: 13.8609%; height: 29px;\"><a href=\"http:\/\/spgizalki.pl\/wp-content\/uploads\/2022\/02\/potwierdzenie-woli-kl.-I-0-1.pdf\">POBIERZ<\/a><\/td>\n<\/tr>\n<tr style=\"height: 29px;\">\n<td style=\"width: 86%; height: 29px;\"><strong>Podanie o zwolnienie z zaj\u0119\u0107 wychowania fizycznego<\/strong><\/td>\n<td style=\"width: 13.8609%; height: 29px;\"><a href=\"http:\/\/spgizalki.pl\/wp-content\/uploads\/2021\/09\/wniosek-zwolnienie-z-wf.pdf\">POBIERZ<\/a><\/td>\n<\/tr>\n<tr style=\"height: 29px;\">\n<td style=\"width: 86%; height: 29px;\"><strong>Podanie o przyj\u0119cie dziecka do \u015bwietlicy szkolnej &nbsp;&nbsp; &nbsp;&nbsp; &nbsp;<\/strong><\/td>\n<td style=\"width: 13.8609%; height: 29px;\"><a href=\"http:\/\/spgizalki.pl\/wp-content\/uploads\/2023\/09\/wniosek-o-przyjecie-dziecka-do-swietlicy-.pdf\">POBIERZ<\/a><\/td>\n<\/tr>\n<tr style=\"height: 29px;\">\n<td style=\"width: 86%; height: 29px;\"><strong>Zg\u0142oszenie dziecka na badanie psychologiczno-pedagogiczne<\/strong><\/td>\n<td style=\"width: 13.8609%; height: 29px;\"><a href=\"http:\/\/spgizalki.pl\/wp-content\/uploads\/2021\/09\/zdnb.pdf\">POBIERZ<\/a><\/td>\n<\/tr>\n<tr style=\"height: 29px;\">\n<td style=\"width: 86%; height: 29px;\"><strong>Wniosek o nieodp\u0142atne udost\u0119pnienie sali<\/strong><\/td>\n<td style=\"width: 13.8609%; height: 29px;\"><a href=\"http:\/\/spgizalki.pl\/wp-content\/uploads\/2026\/02\/Wniosek-o-nieodplatne-udostepnienie-sali-sportowej.pdf\">POBIERZ<\/a><\/td>\n<\/tr>\n<tr style=\"height: 29px;\">\n<td style=\"width: 86%; height: 29px;\"><strong>Wniosek o p\u0142atne wynaj\u0119cie sali<\/strong><\/td>\n<td style=\"width: 13.8609%; height: 29px;\"><a href=\"http:\/\/spgizalki.pl\/wp-content\/uploads\/2026\/02\/Wniosek-o-platne-wynajecie-sali.pdf\">POBIERZ<\/a><\/td>\n<\/tr>\n<tr style=\"height: 29px;\">\n<td style=\"width: 86%; height: 29px;\"><strong>Deklaracja rodzica dotycz\u0105ca pobytu dziecka w oddziale przedszkolnym<\/strong><\/td>\n<td style=\"width: 13.8609%; height: 29px;\"><strong><\/strong><a href=\"http:\/\/spgizalki.pl\/wp-content\/uploads\/2025\/01\/deklaracja-pozostania-w-oddziale-przedszkolnym-1.pdf\">POBIERZ<\/a><\/td>\n<\/tr>\n<tr style=\"height: 29px;\">\n<td style=\"width: 86%; height: 29px;\"><strong>Wniosek o zwrot nadp\u0142aty na do\u017cywianie<\/strong><\/td>\n<td style=\"width: 13.8609%; height: 29px;\"><a href=\"http:\/\/spgizalki.pl\/wp-content\/uploads\/2021\/12\/Wniosek-o-zwrot-nadplaty-na-dozywianie.pdf\">POBIERZ<\/a><\/td>\n<\/tr>\n<tr style=\"height: 29px;\">\n<td style=\"width: 86%; height: 29px;\"><strong>Wniosek o nieodp\u0142atne udost\u0119pnienie kompleksu sportowego <\/strong><\/p>\n<p><strong>&#8222;ORLIK 2012&#8221;<\/strong><\/td>\n<td style=\"width: 13.8609%; height: 29px;\"><a href=\"http:\/\/spgizalki.pl\/wp-content\/uploads\/2026\/03\/Wniosek-o-nieodplatne-udostepnienie-kompleksu-sportowego.pdf\">POBIERZ<\/a><\/td>\n<\/tr>\n<\/tbody>\n<\/table>\n<p>&nbsp;<\/p>\n<p>&nbsp;<\/p>\n<p>&nbsp;<\/p>\n<p>&nbsp;<\/p>\n","protected":false},"excerpt":{"rendered":"<p>Dokumenty do pobrania: Wniosek o przyj\u0119cie dziecka do przedszkola wraz z za\u0142\u0105cznikami POBIERZ Deklaracja kontynuowania wychowania przedszkolnego w oddziale przedszkolnym POBIERZ Zg\u0142oszenie o przyj\u0119cie dziecka do klasy pierwszej z obwodu&nbsp; POBIERZ Wniosek o przyj\u0119cie dziecka do klasy pierwszej spoza obwodu wraz z za\u0142\u0105cznikami POBIERZ Potwierdzenie woli przyj\u0119cia dziecka POBIERZ Podanie [&hellip;]<\/p>\n","protected":false},"author":1,"featured_media":0,"parent":0,"menu_order":0,"comment_status":"closed","ping_status":"closed","template":"","meta":{"ngg_post_thumbnail":0},"_links":{"self":[{"href":"https:\/\/spgizalki.pl\/index.php?rest_route=\/wp\/v2\/pages\/766"}],"collection":[{"href":"https:\/\/spgizalki.pl\/index.php?rest_route=\/wp\/v2\/pages"}],"about":[{"href":"https:\/\/spgizalki.pl\/index.php?rest_route=\/wp\/v2\/types\/page"}],"author":[{"embeddable":true,"href":"https:\/\/spgizalki.pl\/index.php?rest_route=\/wp\/v2\/users\/1"}],"replies":[{"embeddable":true,"href":"https:\/\/spgizalki.pl\/index.php?rest_route=%2Fwp%2Fv2%2Fcomments&post=766"}],"version-history":[{"count":42,"href":"https:\/\/spgizalki.pl\/index.php?rest_route=\/wp\/v2\/pages\/766\/revisions"}],"predecessor-version":[{"id":5755,"href":"https:\/\/spgizalki.pl\/index.php?rest_route=\/wp\/v2\/pages\/766\/revisions\/5755"}],"wp:attachment":[{"href":"https:\/\/spgizalki.pl\/index.php?rest_route=%2Fwp%2Fv2%2Fmedia&parent=766"}],"curies":[{"name":"wp","href":"https:\/\/api.w.org\/{rel}","templated":true}]}}