{"id":61,"date":"2021-05-10T07:32:39","date_gmt":"2021-05-10T05:32:39","guid":{"rendered":"http:\/\/spgizalki.aj2ti.nano.pl\/?page_id=61"},"modified":"2026-02-04T16:21:36","modified_gmt":"2026-02-04T15:21:36","slug":"dokumenty-szkolne","status":"publish","type":"page","link":"https:\/\/spgizalki.pl\/?page_id=61","title":{"rendered":"Dokumenty szkolne"},"content":{"rendered":"<h2 class=\"pix-postheader\"><span class=\"pix-postheadericon\">Dokumenty szko\u0142y<\/span><\/h2>\n<div class=\"pix-postcontent clearfix\">\n<div class=\"pix-article\">\n<table style=\"border-collapse: collapse; width: 100.139%; height: 145px;\">\n<tbody>\n<tr style=\"height: 29px;\">\n<td style=\"width: 79.9184%; height: 29px;\"><span style=\"color: #000000;\"><strong>Ochrona danych osobowych<\/strong><\/span><\/td>\n<td style=\"width: 20.2207%; height: 29px;\"><span style=\"color: #000000;\"><a href=\"http:\/\/spgizalki.pl\/wp-content\/uploads\/2021\/05\/klauzula_rodo.pdf\">POBIERZ<\/a><\/span><\/td>\n<\/tr>\n<tr style=\"height: 29px;\">\n<td style=\"width: 79.9184%; height: 10px;\"><span style=\"color: #000000;\"><strong>Procedury bezpiecze\u0144stwa w Szkole Podstawowej w Giza\u0142kach<\/strong><\/span><\/td>\n<td style=\"width: 20.2207%; height: 10px;\"><span style=\"color: #000000;\"><a href=\"http:\/\/spgizalki.pl\/wp-content\/uploads\/2021\/05\/procedury_bezpieczenstwa.pdf\">POBIERZ<\/a><\/span><\/td>\n<\/tr>\n<tr style=\"height: 29px;\">\n<td style=\"width: 79.9184%; height: 10px;\"><span style=\"color: #000000;\"><strong>Procedury bezpiecze\u0144stwa w Szkole Podstawowej w Giza\u0142kach<\/strong><\/span><\/td>\n<td style=\"width: 20.2207%; height: 10px;\"><span style=\"color: #000000;\"><a href=\"http:\/\/spgizalki.pl\/wp-content\/uploads\/2021\/05\/procedury_bezpieczenstwa.pdf\">POBIERZ<\/a><\/span><\/td>\n<\/tr>\n<\/tbody>\n<\/table>\n<\/div>\n<\/div>\n","protected":false},"excerpt":{"rendered":"<p>Dokumenty szko\u0142y Ochrona danych osobowych POBIERZ Procedury bezpiecze\u0144stwa w Szkole Podstawowej w Giza\u0142kach POBIERZ Procedury bezpiecze\u0144stwa w Szkole Podstawowej w Giza\u0142kach POBIERZ<\/p>\n","protected":false},"author":1,"featured_media":0,"parent":0,"menu_order":0,"comment_status":"closed","ping_status":"closed","template":"","meta":{"ngg_post_thumbnail":0},"_links":{"self":[{"href":"https:\/\/spgizalki.pl\/index.php?rest_route=\/wp\/v2\/pages\/61"}],"collection":[{"href":"https:\/\/spgizalki.pl\/index.php?rest_route=\/wp\/v2\/pages"}],"about":[{"href":"https:\/\/spgizalki.pl\/index.php?rest_route=\/wp\/v2\/types\/page"}],"author":[{"embeddable":true,"href":"https:\/\/spgizalki.pl\/index.php?rest_route=\/wp\/v2\/users\/1"}],"replies":[{"embeddable":true,"href":"https:\/\/spgizalki.pl\/index.php?rest_route=%2Fwp%2Fv2%2Fcomments&post=61"}],"version-history":[{"count":36,"href":"https:\/\/spgizalki.pl\/index.php?rest_route=\/wp\/v2\/pages\/61\/revisions"}],"predecessor-version":[{"id":5649,"href":"https:\/\/spgizalki.pl\/index.php?rest_route=\/wp\/v2\/pages\/61\/revisions\/5649"}],"wp:attachment":[{"href":"https:\/\/spgizalki.pl\/index.php?rest_route=%2Fwp%2Fv2%2Fmedia&parent=61"}],"curies":[{"name":"wp","href":"https:\/\/api.w.org\/{rel}","templated":true}]}}