{"id":5645,"date":"2026-02-04T16:19:47","date_gmt":"2026-02-04T15:19:47","guid":{"rendered":"https:\/\/spgizalki.pl\/?page_id=5645"},"modified":"2026-02-04T20:28:06","modified_gmt":"2026-02-04T19:28:06","slug":"sala-sportowa","status":"publish","type":"page","link":"https:\/\/spgizalki.pl\/?page_id=5645","title":{"rendered":"Sala sportowa"},"content":{"rendered":"<table style=\"border-collapse: collapse; width: 100.139%; height: 116px;\">\n<tbody>\n<tr style=\"height: 29px;\">\n<td style=\"width: 79.9184%; height: 29px;\">\n<h2 class=\"pix-postheader\">Sala sportowa<\/h2>\n<\/td>\n<td style=\"width: 20.2207%; height: 29px;\"><\/td>\n<\/tr>\n<tr style=\"height: 29px;\">\n<td style=\"width: 79.9184%; height: 29px;\"><span style=\"color: #000000;\"><strong>Regulamin korzystania z sali sportowej<\/strong><\/span><\/td>\n<td style=\"width: 20.2207%; height: 29px;\"><a href=\"http:\/\/spgizalki.pl\/wp-content\/uploads\/2026\/01\/Regulamin-korzystania-z-sali.pdf\">POBIERZ<\/a><\/td>\n<\/tr>\n<tr style=\"height: 29px;\">\n<td style=\"width: 79.9184%; height: 29px;\"><span style=\"color: #000000;\"><strong>Stawki op\u0142at za korzystanie ze szkolnych sal gimnastycznych, sali sportowej lub pomieszcze\u0144 szkolnych<\/strong><\/span><\/td>\n<td style=\"width: 20.2207%; height: 29px;\"><span style=\"color: #000000;\"><a href=\"http:\/\/spgizalki.pl\/wp-content\/uploads\/2026\/01\/Zarzadzenie-nr-7_2026.pdf\">POBIERZ<\/a><\/span><\/td>\n<\/tr>\n<tr style=\"height: 29px;\">\n<td style=\"width: 79.9184%; height: 29px;\"><span style=\"color: #000000;\"><strong>Regulamin korzystania z kompleksu sportowego &#8222;Orlik 2012&#8221;<\/strong><\/span><\/td>\n<td style=\"width: 20.2207%; height: 29px;\"><span style=\"color: #000000;\"><a href=\"http:\/\/spgizalki.pl\/wp-content\/uploads\/2024\/08\/Regulamin.pdf\">POBIERZ<\/a><\/span><\/td>\n<\/tr>\n<tr style=\"height: 29px;\">\n<td style=\"width: 79.9184%; height: 10px;\"><span style=\"color: #000000;\"><strong>Wniosek o nieodp\u0142atne udost\u0119pnienie sali sportowej<\/strong><\/span><\/td>\n<td style=\"width: 20.2207%; height: 10px;\"><span style=\"color: #000000;\"><a href=\"http:\/\/spgizalki.pl\/wp-content\/uploads\/2026\/02\/Wniosek-o-nieodplatne-udostepnienie-sali-sportowej.pdf\">POBIERZ<\/a><\/span><\/td>\n<\/tr>\n<tr style=\"height: 29px;\">\n<td style=\"width: 79.9184%; height: 10px;\"><span style=\"color: #000000;\"><strong>Wniosek o p\u0142atne wynaj\u0119cie sali<\/strong><\/span><\/td>\n<td style=\"width: 20.2207%; height: 10px;\"><span style=\"color: #000000;\"><a href=\"http:\/\/spgizalki.pl\/wp-content\/uploads\/2026\/02\/Wniosek-o-platne-wynajecie-sali.pdf\">POBIERZ<\/a><\/span><\/td>\n<\/tr>\n<\/tbody>\n<\/table>\n","protected":false},"excerpt":{"rendered":"<p>Sala sportowa Regulamin korzystania z sali sportowej POBIERZ Stawki op\u0142at za korzystanie ze szkolnych sal gimnastycznych, sali sportowej lub pomieszcze\u0144 szkolnych POBIERZ Regulamin korzystania z kompleksu sportowego &#8222;Orlik 2012&#8221; POBIERZ Wniosek o nieodp\u0142atne udost\u0119pnienie sali sportowej POBIERZ Wniosek o p\u0142atne wynaj\u0119cie sali POBIERZ<\/p>\n","protected":false},"author":1,"featured_media":0,"parent":0,"menu_order":0,"comment_status":"closed","ping_status":"closed","template":"","meta":{"ngg_post_thumbnail":0},"_links":{"self":[{"href":"https:\/\/spgizalki.pl\/index.php?rest_route=\/wp\/v2\/pages\/5645"}],"collection":[{"href":"https:\/\/spgizalki.pl\/index.php?rest_route=\/wp\/v2\/pages"}],"about":[{"href":"https:\/\/spgizalki.pl\/index.php?rest_route=\/wp\/v2\/types\/page"}],"author":[{"embeddable":true,"href":"https:\/\/spgizalki.pl\/index.php?rest_route=\/wp\/v2\/users\/1"}],"replies":[{"embeddable":true,"href":"https:\/\/spgizalki.pl\/index.php?rest_route=%2Fwp%2Fv2%2Fcomments&post=5645"}],"version-history":[{"count":6,"href":"https:\/\/spgizalki.pl\/index.php?rest_route=\/wp\/v2\/pages\/5645\/revisions"}],"predecessor-version":[{"id":5658,"href":"https:\/\/spgizalki.pl\/index.php?rest_route=\/wp\/v2\/pages\/5645\/revisions\/5658"}],"wp:attachment":[{"href":"https:\/\/spgizalki.pl\/index.php?rest_route=%2Fwp%2Fv2%2Fmedia&parent=5645"}],"curies":[{"name":"wp","href":"https:\/\/api.w.org\/{rel}","templated":true}]}}