{"id":20,"date":"2021-05-10T07:21:52","date_gmt":"2021-05-10T05:21:52","guid":{"rendered":"http:\/\/spgizalki.aj2ti.nano.pl\/?page_id=20"},"modified":"2026-02-04T20:24:19","modified_gmt":"2026-02-04T19:24:19","slug":"rada-pedagogiczna","status":"publish","type":"page","link":"https:\/\/spgizalki.pl\/?page_id=20","title":{"rendered":"Rada Pedagogiczna"},"content":{"rendered":"<h2 class=\"pix-postheader\"><span class=\"pix-postheadericon\">Rada Pedagogiczna<\/span><\/h2>\n<p><strong>1. mgr Ma\u0142gorzata Malinowska<\/strong> &#8211; Dyrektor Szko\u0142y Podstawowej w Giza\u0142kach<\/p>\n<p><strong>2. mgr Iwona Biskupska <\/strong>&#8211;<strong> Czajczy\u0144ska<\/strong> &#8211; j\u0119zyk angielski, j\u0119zyk niemiecki, logopeda<\/p>\n<p><strong>3. mgr Adam Czajczy\u0144ski<\/strong> &#8211; edukacja wczesnoszkolna, przyroda<\/p>\n<p><strong>4. mgr Micha\u0142 Czajczy\u0144ski<\/strong> &#8211; wychowanie fizyczne, edukacja dla bezpiecze\u0144stwa, wychowanie do \u017cycia w rodzinie, doradztwo zawodowe<\/p>\n<p><strong>5. mgr Arleta Dominiak<\/strong> &#8211; j\u0119zyk polski, pedagog specjalny<\/p>\n<p><strong>6. mgr Wies\u0142awa J\u0119drzejczak<\/strong> &#8211; edukacja wczesnoszkolna, plastyka<\/p>\n<p><strong>7. mgr Dorota Herka<\/strong> &#8211; edukacja wczesnoszkolna<\/p>\n<p><strong>8. mgr Ewa Ka\u017amierczak<\/strong> &#8211; edukacja wczesnoszkolna, pedagog specjalny<\/p>\n<p><strong>9. mgr Marzena Ka\u017amierska<\/strong> &#8211; matematyka, fizyka, pedagog specjalny<\/p>\n<p><strong>10. lic. Magdalena Lis &#8211; <\/strong>religia, biblioteka<\/p>\n<p><strong>11. mgr Dariusz Lis &#8211; <\/strong>biologia, chemia<\/p>\n<p><strong>12. mgr Edyta Michalak &#8211;<\/strong> j\u0119zyk angielski, muzyka<\/p>\n<p><strong>13. mgr Anna Mrowi\u0144ska &#8211; <\/strong>matematyka, j\u0119zyk niemiecki<\/p>\n<p><strong>14. mgr Ma\u0142gorzata Rad\u0142owska &#8211; <\/strong>j\u0119zyk polski<\/p>\n<p><strong>15. mgr Ewa Wo\u017aniak &#8211; <\/strong>geografia, matematyka, fizyka<\/p>\n<p><strong>16. mgr Tomasz Latosi\u0144ski &#8211; <\/strong>wychowanie fizyczne, informatyka<\/p>\n<p><strong>17. mgr Iwona Bachorska &#8211; <\/strong>pedagog szkolny<\/p>\n<p><strong>18. mgr Agata Ratajczyk <\/strong>&#8211; edukacja wczesnoszkolna, historia<\/p>\n<p><strong>19. mgr Katarzyna Szcze\u015bniak <\/strong>&#8211; edukacja wczesnoszkolna<\/p>\n<p><strong>20. ks. Krystian Molecki <\/strong>&#8211; religia<\/p>\n<p><strong>21. mgr S\u0142awomir Milczarek <\/strong>&#8211; psycholog<\/p>\n","protected":false},"excerpt":{"rendered":"<p>Rada Pedagogiczna 1. mgr Ma\u0142gorzata Malinowska &#8211; Dyrektor Szko\u0142y Podstawowej w Giza\u0142kach 2. mgr Iwona Biskupska &#8211; Czajczy\u0144ska &#8211; j\u0119zyk angielski, j\u0119zyk niemiecki, logopeda 3. mgr Adam Czajczy\u0144ski &#8211; edukacja wczesnoszkolna, przyroda 4. mgr Micha\u0142 Czajczy\u0144ski &#8211; wychowanie fizyczne, edukacja dla bezpiecze\u0144stwa, wychowanie do \u017cycia w rodzinie, doradztwo zawodowe 5. [&hellip;]<\/p>\n","protected":false},"author":1,"featured_media":0,"parent":0,"menu_order":0,"comment_status":"closed","ping_status":"closed","template":"","meta":{"ngg_post_thumbnail":0},"_links":{"self":[{"href":"https:\/\/spgizalki.pl\/index.php?rest_route=\/wp\/v2\/pages\/20"}],"collection":[{"href":"https:\/\/spgizalki.pl\/index.php?rest_route=\/wp\/v2\/pages"}],"about":[{"href":"https:\/\/spgizalki.pl\/index.php?rest_route=\/wp\/v2\/types\/page"}],"author":[{"embeddable":true,"href":"https:\/\/spgizalki.pl\/index.php?rest_route=\/wp\/v2\/users\/1"}],"replies":[{"embeddable":true,"href":"https:\/\/spgizalki.pl\/index.php?rest_route=%2Fwp%2Fv2%2Fcomments&post=20"}],"version-history":[{"count":22,"href":"https:\/\/spgizalki.pl\/index.php?rest_route=\/wp\/v2\/pages\/20\/revisions"}],"predecessor-version":[{"id":5657,"href":"https:\/\/spgizalki.pl\/index.php?rest_route=\/wp\/v2\/pages\/20\/revisions\/5657"}],"wp:attachment":[{"href":"https:\/\/spgizalki.pl\/index.php?rest_route=%2Fwp%2Fv2%2Fmedia&parent=20"}],"curies":[{"name":"wp","href":"https:\/\/api.w.org\/{rel}","templated":true}]}}